{"id":6406,"date":"2016-01-31T22:21:23","date_gmt":"2016-01-31T22:21:23","guid":{"rendered":"http:\/\/www.mcphotoarts.de\/blog\/?page_id=6406"},"modified":"2017-04-17T12:03:27","modified_gmt":"2017-04-17T12:03:27","slug":"hochzeit","status":"publish","type":"page","link":"https:\/\/www.mcphotoarts.de\/blog\/wolkenlandschaft\/hochzeit\/","title":{"rendered":"Hochzeit"},"content":{"rendered":"\n<style type=\"text\/css\" data-created_by=\"avia_inline_auto\" id=\"style-css-av-av_heading-63658c971bdfcadda28557a088367b20\">\n#top .av-special-heading.av-av_heading-63658c971bdfcadda28557a088367b20{\npadding-bottom:10px;\nfont-size:90px;\n}\nbody .av-special-heading.av-av_heading-63658c971bdfcadda28557a088367b20 .av-special-heading-tag .heading-char{\nfont-size:25px;\n}\n#top #wrap_all .av-special-heading.av-av_heading-63658c971bdfcadda28557a088367b20 .av-special-heading-tag{\nfont-size:90px;\n}\n.av-special-heading.av-av_heading-63658c971bdfcadda28557a088367b20 .av-subheading{\nfont-size:15px;\n}\n\n@media only screen and (min-width: 480px) and (max-width: 767px){ \n#top #wrap_all .av-special-heading.av-av_heading-63658c971bdfcadda28557a088367b20 .av-special-heading-tag{\nfont-size:0.8em;\n}\n}\n\n@media only screen and (max-width: 479px){ \n#top #wrap_all .av-special-heading.av-av_heading-63658c971bdfcadda28557a088367b20 .av-special-heading-tag{\nfont-size:0.8em;\n}\n}\n<\/style>\n<div  class='av-special-heading av-av_heading-63658c971bdfcadda28557a088367b20 av-special-heading-h3 blockquote modern-quote modern-centered  avia-builder-el-0  el_before_av_section  avia-builder-el-no-sibling  av-inherit-size'><h3 class='av-special-heading-tag'  itemprop=\"headline\"  >Hochzeit<\/h3><div class='av-subheading av-subheading_below'><p>Welches kleine M\u00e4dchen tr\u00e4umt nicht von einer Hochzeit in Weiss und Ihrem Prinzen? Ich m\u00f6chte Euren Traumtag festhalten. Wenn Ihr auf der Suche nach einem guten und motivierten Fotografen seit, dann schreibt mir einfach. Und vielleicht werde ich Eure Traumhochzeit fotografieren. Wer weiss? \ud83d\ude09<\/p>\n<\/div><div class=\"special-heading-border\"><div class=\"special-heading-inner-border\"><\/div><\/div><\/div>\n<\/div><\/div><\/div><!-- close content main div --><\/div><\/div>\n<style type=\"text\/css\" data-created_by=\"avia_inline_auto\" id=\"style-css-av-av_section-1ef2d1c8b8ebdd3a453ce8fdf15284c3\">\n.avia-section.av-av_section-1ef2d1c8b8ebdd3a453ce8fdf15284c3{\nbackground-repeat:no-repeat;\nbackground-image:url(https:\/\/www.mcphotoarts.de\/blog\/wp-content\/uploads\/2016\/01\/5DM38480_1920x1200.jpg);\nbackground-position:50% 50%;\nbackground-attachment:fixed;\n}\n<\/style>\n<div id='av_section_1'  class='avia-section av-av_section-1ef2d1c8b8ebdd3a453ce8fdf15284c3 alternate_color avia-section-large avia-no-shadow  avia-builder-el-1  el_after_av_heading  el_before_av_layout_row  avia-full-stretch avia-bg-style-fixed av-minimum-height av-minimum-height-100  container_wrap sidebar_right'  data-section-bg-repeat='stretch' data-av_minimum_height_pc='100'><div class=\"av-section-color-overlay-wrap\"><a href='#next-section' title='' class='scroll-down-link ' aria-hidden='true' data-av_icon='\ue877' data-av_iconfont='entypo-fontello'><\/a><div class='container av-section-cont-open' ><div class='template-page content  av-content-small alpha units'><div class='post-entry post-entry-type-page post-entry-6406'><div class='entry-content-wrapper clearfix'>\n<\/div><\/div><\/div><!-- close content main div --><\/div><\/div><\/div><div id='welcome'  class='av-layout-grid-container av-av_layout_row-60bf4827658d21e3423a4ee0cbc43925 entry-content-wrapper main_color av-fixed-cells  avia-builder-el-2  el_after_av_section  el_before_av_masonry_entries  grid-row-not-first  container_wrap sidebar_right'  >\n\n<style type=\"text\/css\" data-created_by=\"avia_inline_auto\" id=\"style-css-av-av_cell_one_fourth-9fca451ad3a8a0bab878f93575980bf5\">\n.flex_cell.av-av_cell_one_fourth-9fca451ad3a8a0bab878f93575980bf5{\nvertical-align:top;\nheight:15px;\nmin-height:15px;\nbackground-color:#719430;\n}\n.responsive #top #wrap_all .flex_cell.av-av_cell_one_fourth-9fca451ad3a8a0bab878f93575980bf5{\npadding:0px 0px 0px 0px !important;\n}\n<\/style>\n<div class='flex_cell av-av_cell_one_fourth-9fca451ad3a8a0bab878f93575980bf5 av-gridrow-cell av_one_fourth no_margin  avia-builder-el-3  el_before_av_cell_one_fourth  avia-builder-el-first  av-zero-padding' ><div class='flex_cell_inner'><\/div><\/div>\n<style type=\"text\/css\" data-created_by=\"avia_inline_auto\" id=\"style-css-av-av_cell_one_fourth-300a8ee80441f2559d5d31bc5a7a0afd\">\n.flex_cell.av-av_cell_one_fourth-300a8ee80441f2559d5d31bc5a7a0afd{\nvertical-align:top;\nheight:15px;\nmin-height:15px;\nbackground-color:#92bb46;\n}\n.responsive #top #wrap_all .flex_cell.av-av_cell_one_fourth-300a8ee80441f2559d5d31bc5a7a0afd{\npadding:0px 0px 0px 0px !important;\n}\n<\/style>\n<div class='flex_cell av-av_cell_one_fourth-300a8ee80441f2559d5d31bc5a7a0afd av-gridrow-cell av_one_fourth no_margin  avia-builder-el-4  el_after_av_cell_one_fourth  el_before_av_cell_one_fourth  av-zero-padding' ><div class='flex_cell_inner'><\/div><\/div>\n<style type=\"text\/css\" data-created_by=\"avia_inline_auto\" id=\"style-css-av-av_cell_one_fourth-19230975bc5db91237c19abd970d2f6b\">\n.flex_cell.av-av_cell_one_fourth-19230975bc5db91237c19abd970d2f6b{\nvertical-align:top;\nheight:15px;\nmin-height:15px;\nbackground-color:#acd464;\n}\n.responsive #top #wrap_all .flex_cell.av-av_cell_one_fourth-19230975bc5db91237c19abd970d2f6b{\npadding:0px 0px 0px 0px !important;\n}\n<\/style>\n<div class='flex_cell av-av_cell_one_fourth-19230975bc5db91237c19abd970d2f6b av-gridrow-cell av_one_fourth no_margin  avia-builder-el-5  el_after_av_cell_one_fourth  el_before_av_cell_one_fourth  av-zero-padding' ><div class='flex_cell_inner'><\/div><\/div>\n<style type=\"text\/css\" data-created_by=\"avia_inline_auto\" id=\"style-css-av-av_cell_one_fourth-80d951005eb6ec91c608ece877a2fa1f\">\n.flex_cell.av-av_cell_one_fourth-80d951005eb6ec91c608ece877a2fa1f{\nvertical-align:top;\nheight:15px;\nmin-height:15px;\nbackground-color:#e1fbb2;\n}\n.responsive #top #wrap_all .flex_cell.av-av_cell_one_fourth-80d951005eb6ec91c608ece877a2fa1f{\npadding:0px 0px 0px 0px !important;\n}\n<\/style>\n<div class='flex_cell av-av_cell_one_fourth-80d951005eb6ec91c608ece877a2fa1f av-gridrow-cell av_one_fourth no_margin  avia-builder-el-6  el_after_av_cell_one_fourth  avia-builder-el-last  av-zero-padding' ><div class='flex_cell_inner'><\/div><\/div>\n<\/div>\n\n<style type=\"text\/css\" data-created_by=\"avia_inline_auto\" id=\"style-css-av-av_masonry_entries-a2a4eb2cd121ebb27abf8291ab11992b\">\n#top .av-masonry.av-av_masonry_entries-a2a4eb2cd121ebb27abf8291ab11992b{\nbackground-color:#92bb46;\n}\n<\/style>\n<div id='av-masonry-1' class='av-masonry av-av_masonry_entries-a2a4eb2cd121ebb27abf8291ab11992b noHover av-fixed-size av-large-gap av-hover-overlay-active av-masonry-animation-active av-masonry-col-3 av-caption-on-hover-hide av-caption-style-overlay av-masonry-entries '><div class=\"av-masonry-container isotope av-js-disabled\"><div class='av-masonry-entry isotope-item av-masonry-item-no-image '><\/div><a href=\"https:\/\/www.mcphotoarts.de\/blog\/2016\/02\/traumhochzeit-stephanie-hannes\/\"  id='av-masonry-1-item-6656' data-av-masonry-item='6656' class='av-masonry-entry isotope-item post-6656 post type-post status-publish format-standard has-post-thumbnail hentry category-blog-slider category-hochzeit category-zeitreise tag-hochzeit tag-hochzeitsfotograf tag-stephanie-hannes tag-traumhochzeit  av-masonry-item-with-image av-grid-img' title=\"Paarshooting\"   itemscope=\"itemscope\" itemtype=\"https:\/\/schema.org\/CreativeWork\" ><div class='av-inner-masonry-sizer'><\/div><figure class='av-inner-masonry main_color'><div class=\"av-masonry-outerimage-container\"><div class='av-masonry-image-container' style=\"background-image: url(https:\/\/www.mcphotoarts.de\/blog\/wp-content\/uploads\/2016\/02\/5DM38650-Pano_mcPhotoArts_Paarshooting_1200x800-705x652.jpg);\"  title=\"Paarshooting\"  ><\/div><\/div><figcaption class='av-inner-masonry-content site-background'><div class='av-inner-masonry-content-pos'><div class='av-inner-masonry-content-pos-content'><div class='avia-arrow'><\/div><h3 class='av-masonry-entry-title entry-title '  itemprop=\"headline\" >Traumhochzeit Stephanie &#038; Hannes<\/h3><span class='av-masonry-date meta-color updated'>26. Februar 2016<\/span><span class=\"av-masonry-text-sep text-sep-author\">\/<\/span><span class='av-masonry-author meta-color author'><span class='fn'>von mcPhotoArts<\/span><\/span><\/div><\/div><\/figcaption><\/figure><\/a><!--end av-masonry entry--><a href=\"https:\/\/www.mcphotoarts.de\/blog\/2013\/05\/traumhochzeit-nicole-flo\/\"  id='av-masonry-1-item-6738' data-av-masonry-item='6738' class='av-masonry-entry isotope-item post-6738 post type-post status-publish format-standard has-post-thumbnail hentry category-hochzeit category-zeitreise tag-hochzeit tag-hochzeitsfotograf tag-nicole-flo tag-traumhochzeit  av-masonry-item-with-image av-grid-img' title=\"Hochzeit 2013-05-24 Nicole + Flo\"   itemscope=\"itemscope\" itemtype=\"https:\/\/schema.org\/CreativeWork\" ><div class='av-inner-masonry-sizer'><\/div><figure class='av-inner-masonry main_color'><div class=\"av-masonry-outerimage-container\"><div class='av-masonry-image-container' style=\"background-image: url(https:\/\/www.mcphotoarts.de\/blog\/wp-content\/uploads\/2016\/02\/5DM34394_mcPhotoArts_Hochzeit-2013-05-24-Nicole-Flo_1200x800-705x470.jpg);\"  title=\"Hochzeit 2013-05-24 Nicole + Flo\"  ><\/div><\/div><figcaption class='av-inner-masonry-content site-background'><div class='av-inner-masonry-content-pos'><div class='av-inner-masonry-content-pos-content'><div class='avia-arrow'><\/div><h3 class='av-masonry-entry-title entry-title '  itemprop=\"headline\" >Traumhochzeit Nicole &#038; Flo<\/h3><span class='av-masonry-date meta-color updated'>31. Mai 2013<\/span><span class=\"av-masonry-text-sep text-sep-author\">\/<\/span><span class='av-masonry-author meta-color author'><span class='fn'>von mcPhotoArts<\/span><\/span><\/div><\/div><\/figcaption><\/figure><\/a><!--end av-masonry entry--><a href=\"https:\/\/www.mcphotoarts.de\/blog\/2014\/08\/traumhochzeit-katl-flo\/\"  id='av-masonry-1-item-6709' data-av-masonry-item='6709' class='av-masonry-entry isotope-item post-6709 post type-post status-publish format-standard has-post-thumbnail hentry category-hochzeit category-zeitreise tag-hochzeit tag-hochzeitsfotograf tag-katl-flo tag-traumhochzeit  av-masonry-item-with-image av-grid-img' title=\"Hochzeit 2014-08-16 Katl + Flo\"   itemscope=\"itemscope\" itemtype=\"https:\/\/schema.org\/CreativeWork\" ><div class='av-inner-masonry-sizer'><\/div><figure class='av-inner-masonry main_color'><div class=\"av-masonry-outerimage-container\"><div class='av-masonry-image-container' style=\"background-image: url(https:\/\/www.mcphotoarts.de\/blog\/wp-content\/uploads\/2016\/02\/5DM37045_mcPhotoArts_Hochzeit-2014-08-16-Katl-Flo_1200x800-705x470.jpg);\"  title=\"Hochzeit 2014-08-16 Katl + Flo\"  ><\/div><\/div><figcaption class='av-inner-masonry-content site-background'><div class='av-inner-masonry-content-pos'><div class='av-inner-masonry-content-pos-content'><div class='avia-arrow'><\/div><h3 class='av-masonry-entry-title entry-title '  itemprop=\"headline\" >Traumhochzeit Katl &#038; Flo<\/h3><span class='av-masonry-date meta-color updated'>20. August 2014<\/span><span class=\"av-masonry-text-sep text-sep-author\">\/<\/span><span class='av-masonry-author meta-color author'><span class='fn'>von mcPhotoArts<\/span><\/span><\/div><\/div><\/figcaption><\/figure><\/a><!--end av-masonry entry--><a href=\"https:\/\/www.mcphotoarts.de\/blog\/2017\/04\/traumhochzeit-karin-andreas\/\"  id='av-masonry-1-item-7637' data-av-masonry-item='7637' class='av-masonry-entry isotope-item post-7637 post type-post status-publish format-standard has-post-thumbnail hentry category-blog-bilder category-hochzeit category-zeitreise tag-alte-kirche tag-badersee tag-hochzeit tag-hochzeit-in-garmisch tag-hochzeitsfotograf tag-hotel-badersee tag-mcphotoarts tag-michael-cohn tag-traumhochzeit  av-masonry-item-with-image av-grid-img' title=\"Hochzeit Karin &amp; Andreas\"   itemscope=\"itemscope\" itemtype=\"https:\/\/schema.org\/CreativeWork\" ><div class='av-inner-masonry-sizer'><\/div><figure class='av-inner-masonry main_color'><div class=\"av-masonry-outerimage-container\"><div class='av-masonry-image-container' style=\"background-image: url(https:\/\/www.mcphotoarts.de\/blog\/wp-content\/uploads\/2016\/12\/5DM37477-Pano_mcPhotoArts_Hochzeit-Karin-Andreas_1200x800-705x605.jpg);\"  title=\"Hochzeit Karin &amp; Andreas\"  ><\/div><\/div><figcaption class='av-inner-masonry-content site-background'><div class='av-inner-masonry-content-pos'><div class='av-inner-masonry-content-pos-content'><div class='avia-arrow'><\/div><h3 class='av-masonry-entry-title entry-title '  itemprop=\"headline\" >Traumhochzeit Karin &#038; Andreas<\/h3><span class='av-masonry-date meta-color updated'>17. April 2017<\/span><span class=\"av-masonry-text-sep text-sep-author\">\/<\/span><span class='av-masonry-author meta-color author'><span class='fn'>von mcPhotoArts<\/span><\/span><\/div><\/div><\/figcaption><\/figure><\/a><!--end av-masonry entry--><\/div><\/div>\n","protected":false},"excerpt":{"rendered":"","protected":false},"author":1,"featured_media":0,"parent":4941,"menu_order":0,"comment_status":"open","ping_status":"closed","template":"","meta":{"spay_email":"","footnotes":""},"class_list":["post-6406","page","type-page","status-publish","hentry"],"yoast_head":"<!-- This site is optimized with the Yoast SEO plugin v17.7 - https:\/\/yoast.com\/wordpress\/plugins\/seo\/ -->\n<title>Hochzeit - mcPhotoArts<\/title>\n<meta name=\"description\" content=\"Welches kleine M\u00e4dchen tr\u00e4umt nicht von einer Hochzeit in Wei\u00df?\" \/>\n<meta name=\"robots\" content=\"index, follow, max-snippet:-1, max-image-preview:large, max-video-preview:-1\" \/>\n<link rel=\"canonical\" href=\"https:\/\/www.mcphotoarts.de\/blog\/wolkenlandschaft\/hochzeit\/\" \/>\n<meta property=\"og:locale\" content=\"de_DE\" \/>\n<meta property=\"og:type\" content=\"article\" \/>\n<meta property=\"og:title\" content=\"Hochzeit - mcPhotoArts\" \/>\n<meta property=\"og:description\" content=\"Welches kleine M\u00e4dchen tr\u00e4umt nicht von einer Hochzeit in Wei\u00df?\" \/>\n<meta property=\"og:url\" content=\"https:\/\/www.mcphotoarts.de\/blog\/wolkenlandschaft\/hochzeit\/\" \/>\n<meta property=\"og:site_name\" content=\"mcPhotoArts\" \/>\n<meta property=\"article:publisher\" content=\"https:\/\/www.facebook.com\/mcPhotoArts\" \/>\n<meta property=\"article:modified_time\" content=\"2017-04-17T12:03:27+00:00\" \/>\n<meta name=\"twitter:label1\" content=\"Gesch\u00e4tzte Lesezeit\" \/>\n\t<meta name=\"twitter:data1\" content=\"2\u00a0Minuten\" \/>\n<script type=\"application\/ld+json\" class=\"yoast-schema-graph\">{\"@context\":\"https:\/\/schema.org\",\"@graph\":[{\"@type\":\"WebSite\",\"@id\":\"https:\/\/www.mcphotoarts.de\/blog\/#website\",\"url\":\"https:\/\/www.mcphotoarts.de\/blog\/\",\"name\":\"mcPhotoArts\",\"description\":\"Fotografie erleben\",\"potentialAction\":[{\"@type\":\"SearchAction\",\"target\":{\"@type\":\"EntryPoint\",\"urlTemplate\":\"https:\/\/www.mcphotoarts.de\/blog\/?s={search_term_string}\"},\"query-input\":\"required name=search_term_string\"}],\"inLanguage\":\"de\"},{\"@type\":\"WebPage\",\"@id\":\"https:\/\/www.mcphotoarts.de\/blog\/wolkenlandschaft\/hochzeit\/#webpage\",\"url\":\"https:\/\/www.mcphotoarts.de\/blog\/wolkenlandschaft\/hochzeit\/\",\"name\":\"Hochzeit - mcPhotoArts\",\"isPartOf\":{\"@id\":\"https:\/\/www.mcphotoarts.de\/blog\/#website\"},\"datePublished\":\"2016-01-31T22:21:23+00:00\",\"dateModified\":\"2017-04-17T12:03:27+00:00\",\"description\":\"Welches kleine M\\u00e4dchen tr\\u00e4umt nicht von einer Hochzeit in Wei\\u00df?\",\"breadcrumb\":{\"@id\":\"https:\/\/www.mcphotoarts.de\/blog\/wolkenlandschaft\/hochzeit\/#breadcrumb\"},\"inLanguage\":\"de\",\"potentialAction\":[{\"@type\":\"ReadAction\",\"target\":[\"https:\/\/www.mcphotoarts.de\/blog\/wolkenlandschaft\/hochzeit\/\"]}]},{\"@type\":\"BreadcrumbList\",\"@id\":\"https:\/\/www.mcphotoarts.de\/blog\/wolkenlandschaft\/hochzeit\/#breadcrumb\",\"itemListElement\":[{\"@type\":\"ListItem\",\"position\":1,\"name\":\"Home\",\"item\":\"https:\/\/www.mcphotoarts.de\/blog\/\"},{\"@type\":\"ListItem\",\"position\":2,\"name\":\"Fotoblog\",\"item\":\"https:\/\/www.mcphotoarts.de\/blog\/wolkenlandschaft\/\"},{\"@type\":\"ListItem\",\"position\":3,\"name\":\"Hochzeit\"}]}]}<\/script>\n<!-- \/ Yoast SEO plugin. -->","yoast_head_json":{"title":"Hochzeit - mcPhotoArts","description":"Welches kleine M\u00e4dchen tr\u00e4umt nicht von einer Hochzeit in Wei\u00df?","robots":{"index":"index","follow":"follow","max-snippet":"max-snippet:-1","max-image-preview":"max-image-preview:large","max-video-preview":"max-video-preview:-1"},"canonical":"https:\/\/www.mcphotoarts.de\/blog\/wolkenlandschaft\/hochzeit\/","og_locale":"de_DE","og_type":"article","og_title":"Hochzeit - mcPhotoArts","og_description":"Welches kleine M\u00e4dchen tr\u00e4umt nicht von einer Hochzeit in Wei\u00df?","og_url":"https:\/\/www.mcphotoarts.de\/blog\/wolkenlandschaft\/hochzeit\/","og_site_name":"mcPhotoArts","article_publisher":"https:\/\/www.facebook.com\/mcPhotoArts","article_modified_time":"2017-04-17T12:03:27+00:00","twitter_misc":{"Gesch\u00e4tzte Lesezeit":"2\u00a0Minuten"},"schema":{"@context":"https:\/\/schema.org","@graph":[{"@type":"WebSite","@id":"https:\/\/www.mcphotoarts.de\/blog\/#website","url":"https:\/\/www.mcphotoarts.de\/blog\/","name":"mcPhotoArts","description":"Fotografie erleben","potentialAction":[{"@type":"SearchAction","target":{"@type":"EntryPoint","urlTemplate":"https:\/\/www.mcphotoarts.de\/blog\/?s={search_term_string}"},"query-input":"required name=search_term_string"}],"inLanguage":"de"},{"@type":"WebPage","@id":"https:\/\/www.mcphotoarts.de\/blog\/wolkenlandschaft\/hochzeit\/#webpage","url":"https:\/\/www.mcphotoarts.de\/blog\/wolkenlandschaft\/hochzeit\/","name":"Hochzeit - mcPhotoArts","isPartOf":{"@id":"https:\/\/www.mcphotoarts.de\/blog\/#website"},"datePublished":"2016-01-31T22:21:23+00:00","dateModified":"2017-04-17T12:03:27+00:00","description":"Welches kleine M\u00e4dchen tr\u00e4umt nicht von einer Hochzeit in Wei\u00df?","breadcrumb":{"@id":"https:\/\/www.mcphotoarts.de\/blog\/wolkenlandschaft\/hochzeit\/#breadcrumb"},"inLanguage":"de","potentialAction":[{"@type":"ReadAction","target":["https:\/\/www.mcphotoarts.de\/blog\/wolkenlandschaft\/hochzeit\/"]}]},{"@type":"BreadcrumbList","@id":"https:\/\/www.mcphotoarts.de\/blog\/wolkenlandschaft\/hochzeit\/#breadcrumb","itemListElement":[{"@type":"ListItem","position":1,"name":"Home","item":"https:\/\/www.mcphotoarts.de\/blog\/"},{"@type":"ListItem","position":2,"name":"Fotoblog","item":"https:\/\/www.mcphotoarts.de\/blog\/wolkenlandschaft\/"},{"@type":"ListItem","position":3,"name":"Hochzeit"}]}]}},"jetpack_sharing_enabled":true,"jetpack_shortlink":"https:\/\/wp.me\/P3DB0e-1Fk","jetpack_likes_enabled":true,"_links":{"self":[{"href":"https:\/\/www.mcphotoarts.de\/blog\/wp-json\/wp\/v2\/pages\/6406","targetHints":{"allow":["GET"]}}],"collection":[{"href":"https:\/\/www.mcphotoarts.de\/blog\/wp-json\/wp\/v2\/pages"}],"about":[{"href":"https:\/\/www.mcphotoarts.de\/blog\/wp-json\/wp\/v2\/types\/page"}],"author":[{"embeddable":true,"href":"https:\/\/www.mcphotoarts.de\/blog\/wp-json\/wp\/v2\/users\/1"}],"replies":[{"embeddable":true,"href":"https:\/\/www.mcphotoarts.de\/blog\/wp-json\/wp\/v2\/comments?post=6406"}],"version-history":[{"count":6,"href":"https:\/\/www.mcphotoarts.de\/blog\/wp-json\/wp\/v2\/pages\/6406\/revisions"}],"predecessor-version":[{"id":7634,"href":"https:\/\/www.mcphotoarts.de\/blog\/wp-json\/wp\/v2\/pages\/6406\/revisions\/7634"}],"up":[{"embeddable":true,"href":"https:\/\/www.mcphotoarts.de\/blog\/wp-json\/wp\/v2\/pages\/4941"}],"wp:attachment":[{"href":"https:\/\/www.mcphotoarts.de\/blog\/wp-json\/wp\/v2\/media?parent=6406"}],"curies":[{"name":"wp","href":"https:\/\/api.w.org\/{rel}","templated":true}]}}