{"id":4941,"date":"2013-10-05T12:24:42","date_gmt":"2013-10-05T12:24:42","guid":{"rendered":"http:\/\/www.mcphotoarts.de\/blog\/?page_id=4941"},"modified":"2014-09-21T20:31:17","modified_gmt":"2014-09-21T20:31:17","slug":"wolkenlandschaft","status":"publish","type":"page","link":"https:\/\/www.mcphotoarts.de\/blog\/wolkenlandschaft\/","title":{"rendered":"Fotoblog"},"content":{"rendered":"<div id='av-masonry-1' class='av-masonry av-av_masonry_entries-53403f0d6604e2aac793e45af9d2f871 noHover av-fixed-size av-1px-gap av-hover-overlay-active av-masonry-animation-active av-masonry-col-automatic av-caption-on-hover av-caption-style- av-masonry-entries '><div class=\"av-masonry-container isotope av-js-disabled\"><div class='av-masonry-entry isotope-item av-masonry-item-no-image all_sort allgemein_sort  blog-bilder_sort  heimat_sort  zeitreise_sort  landschaft_sort  hochzeit_sort  blog-slider_sort  timelaps_sort '><\/div><a href=\"https:\/\/www.mcphotoarts.de\/blog\/2023\/03\/ausflug-in-die-kz-gedenkstaette-dachau\/\"  id='av-masonry-1-item-8680' data-av-masonry-item='8680' class='av-masonry-entry isotope-item post-8680 post type-post status-publish format-standard has-post-thumbnail hentry category-allgemein category-blog-bilder category-heimat category-zeitreise tag-dachau tag-gedenkstaette tag-konzentrationslager tag-kz-dachau all_sort allgemein_sort  blog-bilder_sort  heimat_sort  zeitreise_sort  av-masonry-item-with-image' title=\"KZ-Gedenkst\u00e4tte\"   itemscope=\"itemscope\" itemtype=\"https:\/\/schema.org\/CreativeWork\" ><div class='av-inner-masonry-sizer'><\/div><figure class='av-inner-masonry main_color'><div class=\"av-masonry-outerimage-container\"><div class='av-masonry-image-container' style=\"background-image: url(https:\/\/www.mcphotoarts.de\/blog\/wp-content\/uploads\/2023\/03\/EOSR6506_mcPhotoArts_KZ-Gedenkstaette_1200x800-705x470.jpg);\"  title=\"KZ-Gedenkst\u00e4tte\"  ><\/div><\/div><figcaption class='av-inner-masonry-content site-background'><div class='av-inner-masonry-content-pos'><div class='av-inner-masonry-content-pos-content'><div class='avia-arrow'><\/div><h3 class='av-masonry-entry-title entry-title '  itemprop=\"headline\" >Ausflug in die KZ Gedenkst\u00e4tte Dachau<\/h3><span class='av-masonry-date meta-color updated'>22. M\u00e4rz 2023<\/span><span class=\"av-masonry-text-sep text-sep-author\">\/<\/span><span class='av-masonry-author meta-color author'><span class='fn'>von mcPhotoArts<\/span><\/span><\/div><\/div><\/figcaption><\/figure><\/a><!--end av-masonry entry--><a href=\"https:\/\/www.mcphotoarts.de\/blog\/2022\/11\/sonnenaufgang-am-geroldsee\/\"  id='av-masonry-1-item-8608' data-av-masonry-item='8608' class='av-masonry-entry isotope-item post-8608 post type-post status-publish format-standard has-post-thumbnail hentry category-blog-bilder category-heimat category-landschaft category-zeitreise tag-barmsee tag-geroldsee tag-magischer-moment tag-sonnenaufgang tag-werdenfelser-land all_sort blog-bilder_sort  heimat_sort  landschaft_sort  zeitreise_sort  av-masonry-item-with-image' title=\"Warten auf den\"   itemscope=\"itemscope\" itemtype=\"https:\/\/schema.org\/CreativeWork\" ><div class='av-inner-masonry-sizer'><\/div><figure class='av-inner-masonry main_color'><div class=\"av-masonry-outerimage-container\"><div class='av-masonry-image-container' style=\"background-image: url(https:\/\/www.mcphotoarts.de\/blog\/wp-content\/uploads\/2022\/11\/mcPhotoArts_Warten-auf-den_EOSR4144-705x470.jpg);\"  title=\"Warten auf den\"  ><\/div><\/div><figcaption class='av-inner-masonry-content site-background'><div class='av-inner-masonry-content-pos'><div class='av-inner-masonry-content-pos-content'><div class='avia-arrow'><\/div><h3 class='av-masonry-entry-title entry-title '  itemprop=\"headline\" >Sonnenaufgang am Geroldsee<\/h3><span class='av-masonry-date meta-color updated'>1. November 2022<\/span><span class=\"av-masonry-text-sep text-sep-author\">\/<\/span><span class='av-masonry-author meta-color author'><span class='fn'>von mcPhotoArts<\/span><\/span><\/div><\/div><\/figcaption><\/figure><\/a><!--end av-masonry entry--><a href=\"https:\/\/www.mcphotoarts.de\/blog\/2017\/04\/traumhochzeit-karin-andreas\/\"  id='av-masonry-1-item-7637' data-av-masonry-item='7637' class='av-masonry-entry isotope-item post-7637 post type-post status-publish format-standard has-post-thumbnail hentry category-blog-bilder category-hochzeit category-zeitreise tag-alte-kirche tag-badersee tag-hochzeit tag-hochzeit-in-garmisch tag-hochzeitsfotograf tag-hotel-badersee tag-mcphotoarts tag-michael-cohn tag-traumhochzeit all_sort blog-bilder_sort  hochzeit_sort  zeitreise_sort  av-masonry-item-with-image' title=\"Hochzeit Karin &amp; Andreas\"   itemscope=\"itemscope\" itemtype=\"https:\/\/schema.org\/CreativeWork\" ><div class='av-inner-masonry-sizer'><\/div><figure class='av-inner-masonry main_color'><div class=\"av-masonry-outerimage-container\"><div class='av-masonry-image-container' style=\"background-image: url(https:\/\/www.mcphotoarts.de\/blog\/wp-content\/uploads\/2016\/12\/5DM37477-Pano_mcPhotoArts_Hochzeit-Karin-Andreas_1200x800-705x605.jpg);\"  title=\"Hochzeit Karin &amp; Andreas\"  ><\/div><\/div><figcaption class='av-inner-masonry-content site-background'><div class='av-inner-masonry-content-pos'><div class='av-inner-masonry-content-pos-content'><div class='avia-arrow'><\/div><h3 class='av-masonry-entry-title entry-title '  itemprop=\"headline\" >Traumhochzeit Karin &#038; Andreas<\/h3><span class='av-masonry-date meta-color updated'>17. April 2017<\/span><span class=\"av-masonry-text-sep text-sep-author\">\/<\/span><span class='av-masonry-author meta-color author'><span class='fn'>von mcPhotoArts<\/span><\/span><\/div><\/div><\/figcaption><\/figure><\/a><!--end av-masonry entry--><a href=\"https:\/\/www.mcphotoarts.de\/blog\/2016\/02\/traumhochzeit-stephanie-hannes\/\"  id='av-masonry-1-item-6656' data-av-masonry-item='6656' class='av-masonry-entry isotope-item post-6656 post type-post status-publish format-standard has-post-thumbnail hentry category-blog-slider category-hochzeit category-zeitreise tag-hochzeit tag-hochzeitsfotograf tag-stephanie-hannes tag-traumhochzeit all_sort blog-slider_sort  hochzeit_sort  zeitreise_sort  av-masonry-item-with-image' title=\"Paarshooting\"   itemscope=\"itemscope\" itemtype=\"https:\/\/schema.org\/CreativeWork\" ><div class='av-inner-masonry-sizer'><\/div><figure class='av-inner-masonry main_color'><div class=\"av-masonry-outerimage-container\"><div class='av-masonry-image-container' style=\"background-image: url(https:\/\/www.mcphotoarts.de\/blog\/wp-content\/uploads\/2016\/02\/5DM38650-Pano_mcPhotoArts_Paarshooting_1200x800-705x652.jpg);\"  title=\"Paarshooting\"  ><\/div><\/div><figcaption class='av-inner-masonry-content site-background'><div class='av-inner-masonry-content-pos'><div class='av-inner-masonry-content-pos-content'><div class='avia-arrow'><\/div><h3 class='av-masonry-entry-title entry-title '  itemprop=\"headline\" >Traumhochzeit Stephanie &#038; Hannes<\/h3><span class='av-masonry-date meta-color updated'>26. Februar 2016<\/span><span class=\"av-masonry-text-sep text-sep-author\">\/<\/span><span class='av-masonry-author meta-color author'><span class='fn'>von mcPhotoArts<\/span><\/span><\/div><\/div><\/figcaption><\/figure><\/a><!--end av-masonry entry--><a href=\"https:\/\/www.mcphotoarts.de\/blog\/2014\/08\/traumhochzeit-katl-flo\/\"  id='av-masonry-1-item-6709' data-av-masonry-item='6709' class='av-masonry-entry isotope-item post-6709 post type-post status-publish format-standard has-post-thumbnail hentry category-hochzeit category-zeitreise tag-hochzeit tag-hochzeitsfotograf tag-katl-flo tag-traumhochzeit all_sort hochzeit_sort  zeitreise_sort  av-masonry-item-with-image' title=\"Hochzeit 2014-08-16 Katl + Flo\"   itemscope=\"itemscope\" itemtype=\"https:\/\/schema.org\/CreativeWork\" ><div class='av-inner-masonry-sizer'><\/div><figure class='av-inner-masonry main_color'><div class=\"av-masonry-outerimage-container\"><div class='av-masonry-image-container' style=\"background-image: url(https:\/\/www.mcphotoarts.de\/blog\/wp-content\/uploads\/2016\/02\/5DM37045_mcPhotoArts_Hochzeit-2014-08-16-Katl-Flo_1200x800-705x470.jpg);\"  title=\"Hochzeit 2014-08-16 Katl + Flo\"  ><\/div><\/div><figcaption class='av-inner-masonry-content site-background'><div class='av-inner-masonry-content-pos'><div class='av-inner-masonry-content-pos-content'><div class='avia-arrow'><\/div><h3 class='av-masonry-entry-title entry-title '  itemprop=\"headline\" >Traumhochzeit Katl &#038; Flo<\/h3><span class='av-masonry-date meta-color updated'>20. August 2014<\/span><span class=\"av-masonry-text-sep text-sep-author\">\/<\/span><span class='av-masonry-author meta-color author'><span class='fn'>von mcPhotoArts<\/span><\/span><\/div><\/div><\/figcaption><\/figure><\/a><!--end av-masonry entry--><a href=\"https:\/\/www.mcphotoarts.de\/blog\/2013\/11\/timelaps-wolkenlandschaft\/\"  id='av-masonry-1-item-5066' data-av-masonry-item='5066' class='av-masonry-entry isotope-item post-5066 post type-post status-publish format-standard has-post-thumbnail hentry category-timelaps tag-timelaps tag-wolkenlandschaft all_sort timelaps_sort  av-masonry-item-with-image' title=\"Wolkenlandschaft Timelaps\"   itemscope=\"itemscope\" itemtype=\"https:\/\/schema.org\/CreativeWork\" ><div class='av-inner-masonry-sizer'><\/div><figure class='av-inner-masonry main_color'><div class=\"av-masonry-outerimage-container\"><div class='av-masonry-image-container' style=\"background-image: url(https:\/\/www.mcphotoarts.de\/blog\/wp-content\/uploads\/2013\/11\/Wolkenlandschaft-Timelaps.jpg);\"  title=\"Wolkenlandschaft Timelaps\"  ><\/div><\/div><figcaption class='av-inner-masonry-content site-background'><div class='av-inner-masonry-content-pos'><div class='av-inner-masonry-content-pos-content'><div class='avia-arrow'><\/div><h3 class='av-masonry-entry-title entry-title '  itemprop=\"headline\" >Timelaps &#8211; Wolkenlandschaft<\/h3><div class='av-masonry-entry-content entry-content'  itemprop=\"text\" >Vor einiger Zeit machte ich einen kleinen Ausflug in die Berge\u2026<\/div><span class='av-masonry-date meta-color updated'>8. November 2013<\/span><span class=\"av-masonry-text-sep text-sep-author\">\/<\/span><span class='av-masonry-author meta-color author'><span class='fn'>von mcPhotoArts<\/span><\/span><\/div><\/div><\/figcaption><\/figure><\/a><!--end av-masonry entry--><a href=\"https:\/\/www.mcphotoarts.de\/blog\/2013\/11\/timelaps-10sekunden\/\"  id='av-masonry-1-item-5056' data-av-masonry-item='5056' class='av-masonry-entry isotope-item post-5056 post type-post status-publish format-standard has-post-thumbnail hentry category-timelaps tag-timelaps all_sort timelaps_sort  av-masonry-item-with-image' title=\"10 Sekunden\"   itemscope=\"itemscope\" itemtype=\"https:\/\/schema.org\/CreativeWork\" ><div class='av-inner-masonry-sizer'><\/div><figure class='av-inner-masonry main_color'><div class=\"av-masonry-outerimage-container\"><div class='av-masonry-image-container' style=\"background-image: url(https:\/\/www.mcphotoarts.de\/blog\/wp-content\/uploads\/2013\/11\/10-Sekunden.jpg);\"  title=\"10 Sekunden\"  ><\/div><\/div><figcaption class='av-inner-masonry-content site-background'><div class='av-inner-masonry-content-pos'><div class='av-inner-masonry-content-pos-content'><div class='avia-arrow'><\/div><h3 class='av-masonry-entry-title entry-title '  itemprop=\"headline\" >Timelaps &#8211; 10 Sekunden<\/h3><div class='av-masonry-entry-content entry-content'  itemprop=\"text\" >Die Idee kam mir beim Reifenwechseln. Es w\u00e4re doch mal eine\u2026<\/div><span class='av-masonry-date meta-color updated'>7. November 2013<\/span><span class=\"av-masonry-text-sep text-sep-author\">\/<\/span><span class='av-masonry-author meta-color author'><span class='fn'>von mcPhotoArts<\/span><\/span><\/div><\/div><\/figcaption><\/figure><\/a><!--end av-masonry entry--><a href=\"https:\/\/www.mcphotoarts.de\/blog\/2013\/05\/traumhochzeit-nicole-flo\/\"  id='av-masonry-1-item-6738' data-av-masonry-item='6738' class='av-masonry-entry isotope-item post-6738 post type-post status-publish format-standard has-post-thumbnail hentry category-hochzeit category-zeitreise tag-hochzeit tag-hochzeitsfotograf tag-nicole-flo tag-traumhochzeit all_sort hochzeit_sort  zeitreise_sort  av-masonry-item-with-image' title=\"Hochzeit 2013-05-24 Nicole + Flo\"   itemscope=\"itemscope\" itemtype=\"https:\/\/schema.org\/CreativeWork\" ><div class='av-inner-masonry-sizer'><\/div><figure class='av-inner-masonry main_color'><div class=\"av-masonry-outerimage-container\"><div class='av-masonry-image-container' style=\"background-image: url(https:\/\/www.mcphotoarts.de\/blog\/wp-content\/uploads\/2016\/02\/5DM34394_mcPhotoArts_Hochzeit-2013-05-24-Nicole-Flo_1200x800-705x470.jpg);\"  title=\"Hochzeit 2013-05-24 Nicole + Flo\"  ><\/div><\/div><figcaption class='av-inner-masonry-content site-background'><div class='av-inner-masonry-content-pos'><div class='av-inner-masonry-content-pos-content'><div class='avia-arrow'><\/div><h3 class='av-masonry-entry-title entry-title '  itemprop=\"headline\" >Traumhochzeit Nicole &#038; Flo<\/h3><span class='av-masonry-date meta-color updated'>31. Mai 2013<\/span><span class=\"av-masonry-text-sep text-sep-author\">\/<\/span><span class='av-masonry-author meta-color author'><span class='fn'>von mcPhotoArts<\/span><\/span><\/div><\/div><\/figcaption><\/figure><\/a><!--end av-masonry entry--><\/div><\/div>\n","protected":false},"excerpt":{"rendered":"","protected":false},"author":1,"featured_media":0,"parent":0,"menu_order":0,"comment_status":"open","ping_status":"closed","template":"","meta":{"spay_email":"","footnotes":""},"class_list":["post-4941","page","type-page","status-publish","hentry"],"yoast_head":"<!-- This site is optimized with the Yoast SEO plugin v17.7 - https:\/\/yoast.com\/wordpress\/plugins\/seo\/ -->\n<title>Fotoblog - mcPhotoArts<\/title>\n<meta name=\"description\" content=\"Der Herbst steht nicht nur f\u00fcr bunte Bl\u00e4tter auf den B\u00e4umen und viel Laub auf den Wegen. Nein, er steht auch f\u00fcr die Wolkenlandschaft...\" \/>\n<meta name=\"robots\" content=\"index, follow, max-snippet:-1, max-image-preview:large, max-video-preview:-1\" \/>\n<link rel=\"canonical\" href=\"https:\/\/www.mcphotoarts.de\/blog\/wolkenlandschaft\/\" \/>\n<meta property=\"og:locale\" content=\"de_DE\" \/>\n<meta property=\"og:type\" content=\"article\" \/>\n<meta property=\"og:title\" content=\"Fotoblog - mcPhotoArts\" \/>\n<meta property=\"og:description\" content=\"Der Herbst steht nicht nur f\u00fcr bunte Bl\u00e4tter auf den B\u00e4umen und viel Laub auf den Wegen. Nein, er steht auch f\u00fcr die Wolkenlandschaft...\" \/>\n<meta property=\"og:url\" content=\"https:\/\/www.mcphotoarts.de\/blog\/wolkenlandschaft\/\" \/>\n<meta property=\"og:site_name\" content=\"mcPhotoArts\" \/>\n<meta property=\"article:publisher\" content=\"https:\/\/www.facebook.com\/mcPhotoArts\" \/>\n<meta property=\"article:modified_time\" content=\"2014-09-21T20:31:17+00:00\" \/>\n<script type=\"application\/ld+json\" class=\"yoast-schema-graph\">{\"@context\":\"https:\/\/schema.org\",\"@graph\":[{\"@type\":\"WebSite\",\"@id\":\"https:\/\/www.mcphotoarts.de\/blog\/#website\",\"url\":\"https:\/\/www.mcphotoarts.de\/blog\/\",\"name\":\"mcPhotoArts\",\"description\":\"Fotografie erleben\",\"potentialAction\":[{\"@type\":\"SearchAction\",\"target\":{\"@type\":\"EntryPoint\",\"urlTemplate\":\"https:\/\/www.mcphotoarts.de\/blog\/?s={search_term_string}\"},\"query-input\":\"required name=search_term_string\"}],\"inLanguage\":\"de\"},{\"@type\":\"WebPage\",\"@id\":\"https:\/\/www.mcphotoarts.de\/blog\/wolkenlandschaft\/#webpage\",\"url\":\"https:\/\/www.mcphotoarts.de\/blog\/wolkenlandschaft\/\",\"name\":\"Fotoblog - mcPhotoArts\",\"isPartOf\":{\"@id\":\"https:\/\/www.mcphotoarts.de\/blog\/#website\"},\"datePublished\":\"2013-10-05T12:24:42+00:00\",\"dateModified\":\"2014-09-21T20:31:17+00:00\",\"description\":\"Der Herbst steht nicht nur f\\u00fcr bunte Bl\\u00e4tter auf den B\\u00e4umen und viel Laub auf den Wegen. Nein, er steht auch f\\u00fcr die Wolkenlandschaft...\",\"breadcrumb\":{\"@id\":\"https:\/\/www.mcphotoarts.de\/blog\/wolkenlandschaft\/#breadcrumb\"},\"inLanguage\":\"de\",\"potentialAction\":[{\"@type\":\"ReadAction\",\"target\":[\"https:\/\/www.mcphotoarts.de\/blog\/wolkenlandschaft\/\"]}]},{\"@type\":\"BreadcrumbList\",\"@id\":\"https:\/\/www.mcphotoarts.de\/blog\/wolkenlandschaft\/#breadcrumb\",\"itemListElement\":[{\"@type\":\"ListItem\",\"position\":1,\"name\":\"Home\",\"item\":\"https:\/\/www.mcphotoarts.de\/blog\/\"},{\"@type\":\"ListItem\",\"position\":2,\"name\":\"Fotoblog\"}]}]}<\/script>\n<!-- \/ Yoast SEO plugin. -->","yoast_head_json":{"title":"Fotoblog - mcPhotoArts","description":"Der Herbst steht nicht nur f\u00fcr bunte Bl\u00e4tter auf den B\u00e4umen und viel Laub auf den Wegen. Nein, er steht auch f\u00fcr die Wolkenlandschaft...","robots":{"index":"index","follow":"follow","max-snippet":"max-snippet:-1","max-image-preview":"max-image-preview:large","max-video-preview":"max-video-preview:-1"},"canonical":"https:\/\/www.mcphotoarts.de\/blog\/wolkenlandschaft\/","og_locale":"de_DE","og_type":"article","og_title":"Fotoblog - mcPhotoArts","og_description":"Der Herbst steht nicht nur f\u00fcr bunte Bl\u00e4tter auf den B\u00e4umen und viel Laub auf den Wegen. Nein, er steht auch f\u00fcr die Wolkenlandschaft...","og_url":"https:\/\/www.mcphotoarts.de\/blog\/wolkenlandschaft\/","og_site_name":"mcPhotoArts","article_publisher":"https:\/\/www.facebook.com\/mcPhotoArts","article_modified_time":"2014-09-21T20:31:17+00:00","schema":{"@context":"https:\/\/schema.org","@graph":[{"@type":"WebSite","@id":"https:\/\/www.mcphotoarts.de\/blog\/#website","url":"https:\/\/www.mcphotoarts.de\/blog\/","name":"mcPhotoArts","description":"Fotografie erleben","potentialAction":[{"@type":"SearchAction","target":{"@type":"EntryPoint","urlTemplate":"https:\/\/www.mcphotoarts.de\/blog\/?s={search_term_string}"},"query-input":"required name=search_term_string"}],"inLanguage":"de"},{"@type":"WebPage","@id":"https:\/\/www.mcphotoarts.de\/blog\/wolkenlandschaft\/#webpage","url":"https:\/\/www.mcphotoarts.de\/blog\/wolkenlandschaft\/","name":"Fotoblog - mcPhotoArts","isPartOf":{"@id":"https:\/\/www.mcphotoarts.de\/blog\/#website"},"datePublished":"2013-10-05T12:24:42+00:00","dateModified":"2014-09-21T20:31:17+00:00","description":"Der Herbst steht nicht nur f\u00fcr bunte Bl\u00e4tter auf den B\u00e4umen und viel Laub auf den Wegen. Nein, er steht auch f\u00fcr die Wolkenlandschaft...","breadcrumb":{"@id":"https:\/\/www.mcphotoarts.de\/blog\/wolkenlandschaft\/#breadcrumb"},"inLanguage":"de","potentialAction":[{"@type":"ReadAction","target":["https:\/\/www.mcphotoarts.de\/blog\/wolkenlandschaft\/"]}]},{"@type":"BreadcrumbList","@id":"https:\/\/www.mcphotoarts.de\/blog\/wolkenlandschaft\/#breadcrumb","itemListElement":[{"@type":"ListItem","position":1,"name":"Home","item":"https:\/\/www.mcphotoarts.de\/blog\/"},{"@type":"ListItem","position":2,"name":"Fotoblog"}]}]}},"jetpack_sharing_enabled":true,"jetpack_shortlink":"https:\/\/wp.me\/P3DB0e-1hH","jetpack_likes_enabled":true,"_links":{"self":[{"href":"https:\/\/www.mcphotoarts.de\/blog\/wp-json\/wp\/v2\/pages\/4941","targetHints":{"allow":["GET"]}}],"collection":[{"href":"https:\/\/www.mcphotoarts.de\/blog\/wp-json\/wp\/v2\/pages"}],"about":[{"href":"https:\/\/www.mcphotoarts.de\/blog\/wp-json\/wp\/v2\/types\/page"}],"author":[{"embeddable":true,"href":"https:\/\/www.mcphotoarts.de\/blog\/wp-json\/wp\/v2\/users\/1"}],"replies":[{"embeddable":true,"href":"https:\/\/www.mcphotoarts.de\/blog\/wp-json\/wp\/v2\/comments?post=4941"}],"version-history":[{"count":10,"href":"https:\/\/www.mcphotoarts.de\/blog\/wp-json\/wp\/v2\/pages\/4941\/revisions"}],"predecessor-version":[{"id":5522,"href":"https:\/\/www.mcphotoarts.de\/blog\/wp-json\/wp\/v2\/pages\/4941\/revisions\/5522"}],"wp:attachment":[{"href":"https:\/\/www.mcphotoarts.de\/blog\/wp-json\/wp\/v2\/media?parent=4941"}],"curies":[{"name":"wp","href":"https:\/\/api.w.org\/{rel}","templated":true}]}}